{"id":538,"date":"2025-01-23T10:18:11","date_gmt":"2025-01-23T09:18:11","guid":{"rendered":"https:\/\/www.hgv-ehningen.de\/?page_id=538"},"modified":"2026-04-06T19:37:14","modified_gmt":"2026-04-06T17:37:14","slug":"links","status":"publish","type":"page","link":"https:\/\/www.hgv-ehningen.de\/?page_id=538","title":{"rendered":"Links"},"content":{"rendered":"\n<p><strong>Weiterf\u00fchrende Links zu Ehningen :<\/strong><\/p>\n\n\n\n<ul class=\"wp-block-list\">\n<li>Gemeinde Ehningen &#8211; Startseite\u00a0 \u00a0 \u00a0 \u00a0 \u00a0 \u00a0 ->\u00a0 <a href=\"https:\/\/www.ehningen.de\/de\/startseite\" target=\"_blank\" rel=\"noreferrer noopener\">https:\/\/www.ehningen.de\/de\/startseite<\/a><\/li>\n\n\n\n<li>Wikipedia &#8211; Gemeinde Ehningen\u00a0 \u00a0 \u00a0 \u00a0 \u00a0 ->\u00a0 \u00a0<a href=\"https:\/\/de.wikipedia.org\/wiki\/Ehningen\" target=\"_blank\" rel=\"noreferrer noopener\">https:\/\/de.wikipedia.org\/wiki\/Ehningen<\/a><\/li>\n\n\n\n<li>Wikipedia &#8211; Meister des Ehninger Altars\u00a0 ->\u00a0 <a href=\"https:\/\/de.wikipedia.org\/wiki\/Meister_des_Ehninger_Altars\" target=\"_blank\" rel=\"noreferrer noopener\">https:\/\/de.wikipedia.org\/wiki\/Meister_des_Ehninger_Altars<\/a><\/li>\n\n\n\n<li>F\u00f6rderverein &#8222;Denkmal Ehningen&#8220; Historischer Ortsrundgang\u00a0 ->\u00a0 \u00a0<a href=\"https:\/\/www.denkmal-ehningen.de\/qr\/ST.html\" target=\"_blank\" rel=\"noreferrer noopener\">https:\/\/www.denkmal-ehningen.de\/qr\/ST.html<\/a><\/li>\n<\/ul>\n\n\n\n<p><strong>Weiterf\u00fchrende Links Kreis B\u00f6blingen :<\/strong><\/p>\n\n\n\n<ul class=\"wp-block-list\">\n<li>Heimatgeschichtsverein Aidlingen -> \u00a0<a href=\"https:\/\/heimatgeschichtsverein-aidlingen.de\/\" target=\"_blank\" rel=\"noreferrer noopener\">https:\/\/heimatgeschichtsverein-aidlingen.de\/<\/a><\/li>\n\n\n\n<li>Bauernkriegsmuseum B\u00f6blingen\u00a0 \u00a0->\u00a0 \u00a0<a href=\"https:\/\/bauernkriegsmuseum.boeblingen.de\/start\" target=\"_blank\" rel=\"noreferrer noopener\">https:\/\/bauernkriegsmuseum.boeblingen.de\/start<\/a><\/li>\n<\/ul>\n\n\n\n<p>&nbsp; &nbsp; &nbsp; &nbsp; &nbsp; siehe Terminhinweise zu Veranstaltungen zum Thema 500 Jahre Bauernkrieg&nbsp; &nbsp; &nbsp; &nbsp; &nbsp; &nbsp;<\/p>\n\n\n\n<ul class=\"wp-block-list\">\n<li>Fleischermuseum B\u00f6blingen\u00a0 \u00a0 \u00a0 \u00a0 \u00a0 ->\u00a0 \u00a0<a href=\"https:\/\/fleischermuseum.boeblingen.de\/start.html\" target=\"_blank\" rel=\"noreferrer noopener\">https:\/\/fleischermuseum.boeblingen.de\/start.html<\/a><\/li>\n\n\n\n<li>Heimatmuseum Holzgerlingen\u00a0 \u00a0 \u00a0 \u00a0->\u00a0 \u00a0<a href=\"https:\/\/www.heimatmuseum-holzgerlingen.de\/museum\/\" target=\"_blank\" rel=\"noreferrer noopener\">https:\/\/www.heimatmuseum-holzgerlingen.de\/museum\/<\/a><\/li>\n\n\n\n<li>Verein f\u00fcr Heimatgeschichte Holzgerlingen e.V. ->\u00a0 <a href=\"https:\/\/holzgerlingen.de\/de\/die-stadt\/engagement\/verein.php?id=5\" target=\"_blank\" rel=\"noreferrer noopener\">https:\/\/holzgerlingen.de\/de\/die-stadt\/engagement\/verein.php?id=5<\/a><\/li>\n\n\n\n<li>Museen Sindelfingen\u00a0 ->\u00a0\u00a0<a href=\"https:\/\/museen.de\/sindelfingen.html\" target=\"_blank\" rel=\"noreferrer noopener\">https:\/\/museen.de\/sindelfingen.html<\/a><\/li>\n<\/ul>\n\n\n\n<ul class=\"wp-block-list\">\n<li>Zeitreise BB &#8218;Das Portal zur Geschichte und Kultur des Landkreises B\u00f6blingen, seiner Menschen, St\u00e4dte und Teilorte&#8216;\u00a0 ->\u00a0 <a href=\"https:\/\/zeitreise-bb.de\/\" target=\"_blank\" rel=\"noreferrer noopener\">https:\/\/zeitreise-bb.de\/<\/a><\/li>\n\n\n\n<li>Zeitreise BB Schl\u00f6sser\/Burgen in Ehningen ->\u00a0\u00a0<a href=\"https:\/\/zeitreise-bb.de\/schloss-3\" target=\"_blank\" rel=\"noreferrer noopener\">https:\/\/zeitreise-bb.de\/schloss-3<\/a><\/li>\n\n\n\n<li>Zeitreise BB Mauren ->\u00a0\u00a0<a href=\"https:\/\/zeitreise-bb.de\/pelagius\/\" target=\"_blank\" rel=\"noreferrer noopener\">https:\/\/zeitreise-bb.de\/pelagius\/<\/a><\/li>\n<\/ul>\n\n\n\n<p><strong>Sonstige weiterf\u00fchrende Links :<\/strong><\/p>\n\n\n\n<ul class=\"wp-block-list\">\n<li>Schw\u00e4bischer Heimatbund ->\u00a0 <a href=\"https:\/\/schwaebischer-heimatbund.de\/\" target=\"_blank\" rel=\"noreferrer noopener\">https:\/\/schwaebischer-heimatbund.de\/<\/a>><\/li>\n\n\n\n<li>Staatsgalerie Stuttgart\u00a0 ->\u00a0<a href=\"https:\/\/www.staatsgalerie.de\/de\" target=\"_blank\" rel=\"noreferrer noopener\">https:\/\/www.staatsgalerie.de\/de<\/a><\/li>\n\n\n\n<li>Staatsgalerie Stuttgart &#8211; Meister des Ehninger Altars\u00a0 -> <a href=\"https:\/\/www.staatsgalerie.de\/de\/sammlung-digital\/ehninger-altar\" target=\"_blank\" rel=\"noreferrer noopener\">https:\/\/www.staatsgalerie.de\/de\/sammlung-digital\/ehninger-altar<\/a><\/li>\n\n\n\n<li>Staatsgalerie Stuttgart &#8211; Sammlung Digital Ehninger Altar\u00a0 <a href=\"https:\/\/www.staatsgalerie.de\/de\/sammlung\/restaurierung\/ehninger-altar\" target=\"_blank\" rel=\"noreferrer noopener\">https:\/\/www.staatsgalerie.de\/de\/sammlung\/restaurierung\/ehninger-altar<\/a><\/li>\n<\/ul>\n\n\n\n<p><\/p>\n","protected":false},"excerpt":{"rendered":"<p>Weiterf\u00fchrende Links zu Ehningen : Weiterf\u00fchrende Links Kreis B\u00f6blingen : &nbsp; &nbsp; &nbsp; &nbsp; &nbsp; siehe Terminhinweise zu Veranstaltungen zum Thema 500 Jahre Bauernkrieg&nbsp; &nbsp; &nbsp; &nbsp; &nbsp; &nbsp; Sonstige weiterf\u00fchrende Links : <a class=\"continue-reading-link\" href=\"https:\/\/www.hgv-ehningen.de\/?page_id=538\">Continue reading<\/a><\/p>\n","protected":false},"author":3,"featured_media":0,"parent":0,"menu_order":0,"comment_status":"closed","ping_status":"closed","template":"","meta":{"footnotes":""},"class_list":["post-538","page","type-page","status-publish","hentry"],"_links":{"self":[{"href":"https:\/\/www.hgv-ehningen.de\/index.php?rest_route=\/wp\/v2\/pages\/538","targetHints":{"allow":["GET"]}}],"collection":[{"href":"https:\/\/www.hgv-ehningen.de\/index.php?rest_route=\/wp\/v2\/pages"}],"about":[{"href":"https:\/\/www.hgv-ehningen.de\/index.php?rest_route=\/wp\/v2\/types\/page"}],"author":[{"embeddable":true,"href":"https:\/\/www.hgv-ehningen.de\/index.php?rest_route=\/wp\/v2\/users\/3"}],"replies":[{"embeddable":true,"href":"https:\/\/www.hgv-ehningen.de\/index.php?rest_route=%2Fwp%2Fv2%2Fcomments&post=538"}],"version-history":[{"count":16,"href":"https:\/\/www.hgv-ehningen.de\/index.php?rest_route=\/wp\/v2\/pages\/538\/revisions"}],"predecessor-version":[{"id":799,"href":"https:\/\/www.hgv-ehningen.de\/index.php?rest_route=\/wp\/v2\/pages\/538\/revisions\/799"}],"wp:attachment":[{"href":"https:\/\/www.hgv-ehningen.de\/index.php?rest_route=%2Fwp%2Fv2%2Fmedia&parent=538"}],"curies":[{"name":"wp","href":"https:\/\/api.w.org\/{rel}","templated":true}]}}