{"id":498,"date":"2025-01-21T14:57:45","date_gmt":"2025-01-21T13:57:45","guid":{"rendered":"https:\/\/www.hgv-ehningen.de\/?page_id=498"},"modified":"2025-09-08T11:28:56","modified_gmt":"2025-09-08T09:28:56","slug":"satzung","status":"publish","type":"page","link":"https:\/\/www.hgv-ehningen.de\/?page_id=498","title":{"rendered":"Satzung"},"content":{"rendered":"<h5><strong>HEIMATGESCHICHTSVEREIN EHNINGEN e.V.<\/strong><\/h5>\n<p>&nbsp;<\/p>\n<h4>Inhalts\u00fcbersicht<\/h4>\n<p>\u00a7 1 Name und Zweck<br \/>\n\u00a7 2 Gemeinn\u00fctzigkeit<br \/>\n\u00a7 3 Mitgliedschaft<br \/>\n\u00a7 4 Gesch\u00e4ftsjahr<br \/>\n\u00a7 5 Rechte und Pflichten der Mitglieder<br \/>\n\u00a7 6 Mitgliedsbeitrag<br \/>\n\u00a7 7 Organe<br \/>\n\u00a7 8 Vorstand<br \/>\n\u00a7 9 Ausschuss<br \/>\n\u00a7 10 Mitgliederversammlung<br \/>\n\u00a7 11 Kassenpr\u00fcfer<br \/>\n\u00a7 12 Arbeitsgruppen<br \/>\n\u00a7 13 Aufl\u00f6sung des Vereins<br \/>\n\u00a7 14 Bekanntmachungen<br \/>\n\u00a7 15 Funktionsbezeichnungen<br \/>\n\u00a7 16 Inkrafttreten der Satzung\/Satzungs\u00e4nderungen<\/p>\n<p>Satzung in der Fassung vom 26.11.2021, eingetragen im Vereinsregister unter VR 240983 beim<br \/>\nAmtsgericht Stuttgart am 18.11.2022<\/p>\n<h4>\u00a7 1 Name und Zweck<\/h4>\n<p>(1) Der Heimatgeschichtsverein Ehningen e.V. mit Sitz in 71139 Ehningen verfolgt<br \/>\nausschlie\u00dflich und unmittelbar gemeinn\u00fctzige Zwecke im Sinne des Abschnitts<br \/>\n&#8222;Steuerbeg\u00fcnstigte Zwecke&#8220; der Abgabenordnung.<br \/>\n(2) Der Verein ist beim Amtsgericht Stuttgart im Vereinsregister unter der Nr. VR 240983<br \/>\neingetragen.<br \/>\n(3) Zweck des Vereins ist die F\u00f6rderung der Heimatpflege und der Heimatkunde.<br \/>\nDer Satzungszweck wird verwirklicht insbesondere durch die<br \/>\na)Erhaltung, Sammlung und Aufarbeitung heimatgeschichtlicher Werte in Wort, Schrift,<br \/>\nBild und Gegenst\u00e4nden, Erforschung fr\u00fcherer Lebens- und Arbeitsgewohnheiten,<br \/>\nb)die Mitarbeit bei der Einrichtung und Ausgestaltung eines \u00f6rtlichen Heimatmuseums<br \/>\nsowie dessen Betreuung,<br \/>\nc) F\u00f6rderung des heimatgeschichtlichen Interesses in Ehningen durch Ver\u00f6ffentlichungen<br \/>\nund Ausstellungen, die Erhaltung von Kulturdenkm\u00e4lern,<br \/>\nNaturdenkm\u00e4lern und historischen Bauten.<br \/>\nDer Verein arbeitet eng mit der Gemeindeverwaltung und den \u00f6rtlichen Vereinen<br \/>\nzusammen und unterst\u00fctzt die staatlichen Organe der Heimat- und Denkmalpflege.<\/p>\n<h4>\u00a7 2 Gemeinn\u00fctzigkeit<\/h4>\n<p>(1) Der Verein ist selbstlos t\u00e4tig, er verfolgt nicht in erster Linie eigenwirtschaftliche<br \/>\nZwecke.<br \/>\n(2) Mittel des Vereins d\u00fcrfen nur f\u00fcr satzungsgem\u00e4\u00dfe Zwecke verwendet werden.<br \/>\nDie Mitglieder erhalten keine Zuwendungen aus Mitteln des Vereins.<br \/>\n(3) Es darf keine Person durch Ausgaben, die dem Zweck der K\u00f6rperschaft<br \/>\nfremd sind oder durch unverh\u00e4ltnism\u00e4\u00dfig hohe Verg\u00fctungen beg\u00fcnstigt werden.<br \/>\n(4) Bei Aufl\u00f6sung des Vereins oder bei Wegfall seines steuerbeg\u00fcnstigten Zwecks f\u00e4llt das<br \/>\nVerm\u00f6gen des Vereins an die Gemeinde Ehningen, die es unmittelbar und<br \/>\nausschlie\u00dflich f\u00fcr gemeinn\u00fctzige Zwecke zu verwenden hat.<\/p>\n<h4>\u00a7 3 Mitgliedschaft<\/h4>\n<p>(1) Mitglieder k\u00f6nnen nat\u00fcrliche und juristische Personen werden, die die Satzung<br \/>\nanerkennen und den Mitgliedsbeitrag entrichten. Die Aufnahme erfolgt durch eine<br \/>\nschriftliche Beitrittserkl\u00e4rung. \u00dcber die Aufnahme entscheidet der Vorstand.<br \/>\n(2) Beendigung der Mitgliedschaft. Die Mitgliedschaft endet<br \/>\na) durch Austritt<br \/>\nb) durch Ausschluss<br \/>\nc) durch Tod<br \/>\nd) durch Aufl\u00f6sung des Vereins.<br \/>\nDer Austritt aus dem Verein ist jederzeit zul\u00e4ssig. Er erfolgt durch schriftliche Erkl\u00e4rung<br \/>\ngegen\u00fcber dem Vorstand zum Ende des Kalenderjahres.<br \/>\nEin Mitglied kann aus dem Verein ausgeschlossen werden, wenn sein Verhalten in<br \/>\ngrober Weise gegen die Interessen des Vereins verst\u00f6\u00dft und dem Ansehen des<br \/>\nVereins schadet. \u00dcber den Ausschluss beschlie\u00dft der Vorstand mit einfacher Mehrheit<br \/>\nder abgegebenen Stimmen nach Anh\u00f6rung des Mitglieds.<br \/>\n\u00dcber den innerhalb von 14 Tagen mit eingeschriebenem Brief zugestellten Beschluss<br \/>\nkann das betroffene Mitglied binnen eines Monats beim Vorstand Antrag auf<br \/>\nEntscheidung bei der n\u00e4chsten Mitgliederversammlung stellen. Die Entscheidung der<br \/>\nMitgliederversammlung ist endg\u00fcltig.<br \/>\n(3) Die Beendigung der Mitgliedschaft ber\u00fchrt nicht die Verpflichtung zur Zahlung noch<br \/>\nausstehender Beitr\u00e4ge. Auf das Vereinsverm\u00f6gen hat das ausscheidende Mitglied<br \/>\nkeinerlei Anspr\u00fcche.<br \/>\n(4) Auf Beschluss von Vorstand und Ausschuss k\u00f6nnen in der Vereinsarbeit verdiente<br \/>\nMitglieder zu Ehrenmitgliedern ernannt werden. Dieser Beschluss erfordert eine 2\/3-<br \/>\nMehrheit. Das Vorschlagsrecht hat jedes Mitglied. Das Gleiche gilt f\u00fcr die Ernennung<br \/>\nvon Ehrenvorstandsmitgliedern und Ehrenvorsitzenden.<\/p>\n<h4>\u00a7 4 Gesch\u00e4ftsjahr<\/h4>\n<p>Gesch\u00e4ftsjahr ist das Kalenderjahr.<\/p>\n<h4>\u00a7 5 Rechte und Pflichten der Mitglieder<\/h4>\n<p>Die Beschl\u00fcsse und Anordnungen der Vereinsorgane, die innerhalb der durch diese<br \/>\nSatzung gezogenen Grenzen ergangen sind, werden f\u00fcr alle Mitglieder verbindlich.<br \/>\nDie Mitglieder sind verpflichtet, die von der Mitgliederversammlung beschlossenen Beitr\u00e4ge<br \/>\nund Umlagen zu entrichten.<br \/>\nEhrenmitglieder genie\u00dfen alle Rechte der ordentlichen Mitglieder, sind aber von der<br \/>\nBezahlung der Beitr\u00e4ge befreit.<br \/>\nBei Abstimmungen innerhalb der Mitgliederversammlung hat jedes Mitglied eine Stimme.<br \/>\nJedes vollj\u00e4hrige Mitglied ist w\u00e4hlbar in die Organe des Vereins.<br \/>\nDas Mitglied soll den Verein in seinen Aufgaben nach Kr\u00e4ften f\u00f6rdern. Es ist verpflichtet,<br \/>\ndie Beschl\u00fcsse des Vereins zu erf\u00fcllen und alles zu unterlassen, was den gemeinsamen<br \/>\nInteressen und dem Ansehen des Vereins, seiner Mitglieder und seiner Ideen schadet.<\/p>\n<h4>\u00a7 6 Mitgliedsbeitrag<\/h4>\n<p>(1) Die H\u00f6he des Beitrages wird von der Mitgliederversammlung festgelegt.<br \/>\nMitglieder, die zur Bezahlung des Mitgliedsbeitrages nicht in der Lage sind, k\u00f6nnen auf<br \/>\nAntrag vom Vorstand ganz oder teilweise von der Beitragszahlung befreit werden.<br \/>\n(2) Eine Beitrags\u00e4nderung wird erst zu Beginn des n\u00e4chsten Kalenderjahres wirksam.<br \/>\n(3) Der Mitgliedsbeitrag ist j\u00e4hrlich in einer Summe f\u00e4llig zum 15.02. f\u00fcr das laufende<br \/>\nGesch\u00e4ftsjahr. F\u00e4llt der F\u00e4lligkeitstag auf ein Wochenende oder einen Feiertag,<br \/>\nverschiebt sich der F\u00e4lligkeitstag auf den ersten folgenden Werktag. Bei Vorliegen einer<br \/>\ng\u00fcltigen Lastschriftvereinbarung wird der Beitrag zu diesem F\u00e4lligkeitstermin per<br \/>\nLastschrift von einem dem Verein benannten Konto eingezogen; ansonsten ist der<br \/>\nBeitrag fristgerecht auf das Konto des Vereins zu \u00fcberweisen.<br \/>\n(4) Ehrenmitglieder, Sch\u00fcler und Personen \u00fcber 70 Jahre k\u00f6nnen nach<br \/>\nVorstandsbeschluss von der Beitragszahlung befreit werden.<\/p>\n<h4>\u00a7 7 Organe<\/h4>\n<p>Die Organe des Vereins sind<\/p>\n<ol>\n<li>der Vorstand<\/li>\n<li>der Ausschuss<\/li>\n<li>die Mitgliederversammlung.<\/li>\n<\/ol>\n<h4>\u00a7 8 Der Vorstand<\/h4>\n<p>(1) Der Vorstand besteht aus<br \/>\na) dem 1.Vorsitzenden und dessen Stellvertreter<br \/>\nb) dem Kassierer<br \/>\na)dem Schriftf\u00fchrer.<br \/>\n(2) Der gesamte Vorstand sowie die Kassenpr\u00fcfer werden von der Mitgliederversammlung<br \/>\nmit Stimmenmehrheit auf zwei Jahre gew\u00e4hlt.<br \/>\n(3) Der Vorstand erledigt die laufenden Vereinsangelegenheiten, insbesondere<br \/>\nobliegt ihm die Verwaltung des Vereinsverm\u00f6gens.<br \/>\n(4) Der Vorsitzende und sein Stellvertreter sind je einzeln gesetzliche Vertreter<br \/>\nim Sinne des \u00a7 26 BGB.<br \/>\n(5) Der Vorsitzende bereitet die Mitgliederversammlung vor und leitet diese.<br \/>\n(6) \u00dcber den Verlauf der Mitgliederversammlungen und der Vorstandssitzungen und<br \/>\nAusschusssitzungen sind vom Schriftf\u00fchrer Niederschriften zu fertigen, die vom<br \/>\nVorsitzenden und dem Schriftf\u00fchrer zu unterzeichnen sind.<br \/>\n(7) Bei der Beschlussfassung gen\u00fcgt die Mehrheit der erschienenen Vorstands-<br \/>\nMitglieder. Bei Stimmengleichheit entscheidet die Stimme des Vorsitzenden.<br \/>\n(8) Fachkundige Personen k\u00f6nnen zu den Sitzungen hinzugezogen werden.<\/p>\n<h4>\u00a7 9 Ausschuss<\/h4>\n<p>(1) Der Ausschuss unterst\u00fctzt und ber\u00e4t den Vorstand bei seiner Aufgabenerf\u00fcllung.<br \/>\n(2) Er hat insbesondere folgende Aufgaben:<br \/>\nUnterst\u00fctzung des Vorstandes bei der Verwaltung und F\u00fchrung des Vereins,<br \/>\nVerwaltung des Vereinsverm\u00f6gens und bei Beschlussfassung \u00fcber Ausgaben, die im<br \/>\nEinzelfall Euro 500,- \u00fcberschreiten.<br \/>\n(3) Der Ausschuss soll aus mindestens 6 Personen, max. 8 Personen bestehen<br \/>\na) dem Vorstand (\u00a7 8)<br \/>\nb) max. vier weiteren Ausschussmitgliedern.<br \/>\n(4) Der Ausschuss wird einberufen, wenn es der Vorstand f\u00fcr erforderlich h\u00e4lt, mindestens<br \/>\njedoch einmal im Jahr. Er muss einberufen werden, wenn mindestens 3 seiner<br \/>\nMitglieder es verlangen.<br \/>\n(5) Der Ausschuss ist beschlussf\u00e4hig, wenn mindestens die H\u00e4lfte seiner Mitglieder<br \/>\nanwesend ist. Er beschlie\u00dft mit einfacher Stimmenmehrheit der anwesenden<br \/>\nMitglieder. Bei Stimmengleichheit gilt der Antrag als abgelehnt.<br \/>\n(6) Die Ausschussmitglieder, soweit sie nicht dem Vorstand angeh\u00f6ren, werden von der<br \/>\nMitgliederversammlung im Rahmen der Vorstandswahlen auf 2 Jahre gew\u00e4hlt.<\/p>\n<h4>\u00a7 10 Die Mitgliederversammlung<\/h4>\n<p>(1) Die Einberufung der Mitgliederversammlung erfolgt durch den Vorsitzenden unter<br \/>\nBekanntgabe von Ort, Zeit und Tagesordnung mindestens 2 Wochen vor der<br \/>\nVersammlung per Rundbrief oder im Mitteilungsblatt der Gemeinde Ehningen oder<br \/>\nelektronisch.<br \/>\nDie Mitgliederversammlung kann in Pr\u00e4senz oder digital stattfinden.<br \/>\nAntr\u00e4ge m\u00fcssen sp\u00e4testens 10 Tage vor der Versammlung beim Vorsitzenden<br \/>\neingereicht werden, wobei \u00fcber die Behandlung versp\u00e4tet eingegangener Antr\u00e4ge der<br \/>\nVorstand entscheidet.<br \/>\n(2) Die Mitgliederversammlung besteht aus den Mitgliedern des Vereins. Sie ordnet durch<br \/>\nBeschlussfassung alle Angelegenheiten des Vereins, die nicht zum<br \/>\nZust\u00e4ndigkeitsbereich der anderen Organe geh\u00f6ren.<br \/>\nZu ihrer Obliegenheit geh\u00f6ren:<br \/>\na) die Wahl des Vorstandes und des Ausschusses<br \/>\nb) die Wahl der Kassenpr\u00fcfer<br \/>\nc) die Festsetzung der Mitgliedsbeitr\u00e4ge und ggf. erforderlicher Umlagen<br \/>\nd) die \u00c4nderung der Vereinssatzung<br \/>\ne) die Entlastung des Vorstandes<br \/>\nf) die Beschlussfassung \u00fcber die Aufl\u00f6sung und Liquidation des Vereins.<br \/>\n(3) In jedem Jahr findet unter Angabe der Tagesordnung und der Antr\u00e4ge mindestens eine<br \/>\nordentliche Mitgliederversammlung statt. Au\u00dferdem hat der Vorsitzende bei Vorliegen<br \/>\neines wichtigen Grundes oder auf Beschluss des Ausschusses eine<br \/>\nMitgliederversammlung einzuberufen. Eine Mitgliederversammlung muss ebenfalls<br \/>\neinberufen werden, wenn mindestens ein Viertel der Mitglieder einen derartigen Antrag<br \/>\nmit Angabe des Zwecks der Versammlung schriftlich an den Vorstand stellt.<br \/>\n(4) Bei Abstimmungen in der Mitgliederversammlung hat jedes Mitglied eine Stimme. Die<br \/>\nMitgliederversammlung fasst ihre Beschl\u00fcsse mit einfacher Stimmenmehrheit der<br \/>\nanwesenden Mitglieder. Im Falle der Stimmengleichheit gilt ein Antrag als abgelehnt.<br \/>\nBei Abstimmungen werden nur g\u00fcltige Stimmen gewertet. Stimmenthaltungen und<br \/>\nleere Stimmzettel sind ung\u00fcltige Stimmen. Jede ordnungsgem\u00e4\u00df einberufene<br \/>\nMitgliederversammlung ist ohne R\u00fccksicht auf die Zahl der anwesenden Mitglieder<br \/>\nbeschlussf\u00e4hig.<br \/>\n(5) Satzungs\u00e4nderungen bed\u00fcrfen einer 2\/3-Mehrheit der anwesenden Mitglieder.<br \/>\n(6) Abstimmungen und Wahlen erfolgen offen, es sei denn, dass mindestens 1\/10 der<br \/>\nanwesenden Mitglieder eine geheime Abstimmung\/Wahl w\u00fcnschen oder bei Wahlen<br \/>\nmehr Bewerber zur Wahl stehen als Mandate zu vergeben sind.<br \/>\n(7) Die Entlastung des Vorstands kann en bloc erfolgen, es sei denn, dass mindestens<br \/>\n1\/10 der anwesenden Mitglieder eine Einzelabstimmung w\u00fcnschen.<\/p>\n<h4>\u00a7 11 Kassenpr\u00fcfer<\/h4>\n<p>Die zwei Kassenpr\u00fcfer werden von der Mitgliederversammlung gew\u00e4hlt. Sie pr\u00fcfen die<br \/>\nVereinskasse mindestens einmal j\u00e4hrlich.<\/p>\n<h4>\u00a7 12 Arbeitsgruppen<\/h4>\n<p>Bei allen anfallenden Arbeiten k\u00f6nnen je nach Bedarf unterschiedlich besetzte<br \/>\nArbeitsgruppen aus der Mitgliedschaft und B\u00fcrgerschaft eingesetzt werden.<\/p>\n<h4>\u00a7 13 Aufl\u00f6sung des Vereins<\/h4>\n<p>Die Aufl\u00f6sung des Vereins kann nur in einer zu diesem Zweck einberufenen<br \/>\nMitgliederversammlung erfolgen. Zu einer Aufl\u00f6sung ist eine Stimmenmehrheit<br \/>\nvon dreiviertel der anwesenden Mitglieder erforderlich.<\/p>\n<h4>\u00a7 14 Bekanntmachungen<\/h4>\n<p>Bekanntmachungen des Vereins erfolgen im Mitteilungsblatt der Gemeinde Ehningen oder<br \/>\nelektronisch.<\/p>\n<h4>\u00a7 15 Funktionsbezeichnungen<\/h4>\n<p>Die Funktionsbezeichnungen im vorliegenden Text sind jeweils nur in einer geschlechtsspezifischen<br \/>\nForm aufgef\u00fchrt. Diese dienen der Vereinfachung und besseren Lesbarkeit<br \/>\nund stellen keine Diskriminierung dar. Die Begriffe sind neutral zu verstehen und<br \/>\nbeinhalten sowohl die m\u00e4nnliche als auch die weibliche sowie jede nicht<br \/>\nbin\u00e4rgeschlechtliche Form.<\/p>\n<h4>\u00a7 16 Inkrafttreten der Satzung\/Satzungs\u00e4nderungen<\/h4>\n<p>Die Satzung wurde erstmals am 22.07.1985 in der Mitgliederversammlung beschlossen<br \/>\nund trat in ihrer damaligen Fassung mit Eintragung in das Vereinsregister VR 240983<br \/>\nRegistergericht Stuttgart in Kraft.<br \/>\nEine weitere Satzungs\u00e4nderung tritt erst mit Eintrag in das Vereinsregister &#8211; Registergericht<br \/>\ndes Amtsgerichts Stuttgart in Kraft.<\/p>\n","protected":false},"excerpt":{"rendered":"<p>HEIMATGESCHICHTSVEREIN EHNINGEN e.V. &nbsp; Inhalts\u00fcbersicht \u00a7 1 Name und Zweck \u00a7 2 Gemeinn\u00fctzigkeit \u00a7 3 Mitgliedschaft \u00a7 4 Gesch\u00e4ftsjahr \u00a7 5 Rechte und Pflichten der Mitglieder \u00a7 6 Mitgliedsbeitrag \u00a7 7 Organe \u00a7 8 Vorstand \u00a7 9 Ausschuss \u00a7 10 Mitgliederversammlung \u00a7 11 Kassenpr\u00fcfer \u00a7 12 Arbeitsgruppen \u00a7 13 Aufl\u00f6sung\u2026 <a class=\"continue-reading-link\" href=\"https:\/\/www.hgv-ehningen.de\/?page_id=498\">Continue reading<\/a><\/p>\n","protected":false},"author":3,"featured_media":0,"parent":0,"menu_order":0,"comment_status":"closed","ping_status":"closed","template":"","meta":{"footnotes":""},"class_list":["post-498","page","type-page","status-publish","hentry"],"_links":{"self":[{"href":"https:\/\/www.hgv-ehningen.de\/index.php?rest_route=\/wp\/v2\/pages\/498","targetHints":{"allow":["GET"]}}],"collection":[{"href":"https:\/\/www.hgv-ehningen.de\/index.php?rest_route=\/wp\/v2\/pages"}],"about":[{"href":"https:\/\/www.hgv-ehningen.de\/index.php?rest_route=\/wp\/v2\/types\/page"}],"author":[{"embeddable":true,"href":"https:\/\/www.hgv-ehningen.de\/index.php?rest_route=\/wp\/v2\/users\/3"}],"replies":[{"embeddable":true,"href":"https:\/\/www.hgv-ehningen.de\/index.php?rest_route=%2Fwp%2Fv2%2Fcomments&post=498"}],"version-history":[{"count":1,"href":"https:\/\/www.hgv-ehningen.de\/index.php?rest_route=\/wp\/v2\/pages\/498\/revisions"}],"predecessor-version":[{"id":727,"href":"https:\/\/www.hgv-ehningen.de\/index.php?rest_route=\/wp\/v2\/pages\/498\/revisions\/727"}],"wp:attachment":[{"href":"https:\/\/www.hgv-ehningen.de\/index.php?rest_route=%2Fwp%2Fv2%2Fmedia&parent=498"}],"curies":[{"name":"wp","href":"https:\/\/api.w.org\/{rel}","templated":true}]}}