{"id":470,"date":"2025-01-21T14:11:44","date_gmt":"2025-01-21T13:11:44","guid":{"rendered":"https:\/\/www.hgv-ehningen.de\/?page_id=470"},"modified":"2025-09-08T11:29:06","modified_gmt":"2025-09-08T09:29:06","slug":"vereinszweck-ziele","status":"publish","type":"page","link":"https:\/\/www.hgv-ehningen.de\/?page_id=470","title":{"rendered":"Vereinszweck \/ Ziele"},"content":{"rendered":"<p>Der Zweck des Heimatgeschichtsvereins Ehningen e.V. wird in seiner Satzung definiert.<\/p>\n<p>Demzufolge ist Ziel und Aufgabe des Vereins die F\u00f6rderung der Heimatpflege und der Heimatkunde.<br \/>\nDabei geht es nicht darum, einfach nur an vergangene Zeiten, Personen oder Ereignisse zu erinnern oder \u201etote\u201c Fakten zu sammeln. Vielmehr soll heutigen und k\u00fcnftigen Generationen n\u00e4hergebracht werden, wie die Lebensumst\u00e4nde fr\u00fcherer Generationen ausgesehen haben, was sie besch\u00e4ftigt hat, wie sie mit den Ereignissen ihrer Zeit umgegangen sind und wie sie ihren Alltag bew\u00e4ltigt haben. Dies bezieht neben politischen, wirtschaftlichen und kulturellen Themen ebenso auch pers\u00f6nliche, famili\u00e4re Lebensumst\u00e4nde und Ereignisse des allt\u00e4glichen Lebens mit ein.<\/p>\n<p>Zur Verwirklichung dieser Zielsetzungen dienen insbesondere<\/p>\n<ul>\n<li>Ver\u00f6ffentlichungen und Ausstellungen<\/li>\n<li>Erhaltung von Kulturdenkm\u00e4lern, historischen Bauten und Naturdenkm\u00e4lern<\/li>\n<li>Erhaltung, Sammlung und Aufarbeitung heimatgeschichtlicher Werte in Wort, Schrift, Bild und Gegenst\u00e4nden<\/li>\n<li>Erforschung fr\u00fcherer Lebens- und Arbeitsbedingungen und ortgeschichtlich wichtiger Ereignisse<\/li>\n<\/ul>\n<p>Dabei wird der Verein eng mit der Gemeindeverwaltung sowie privaten und \u00f6ffentlichen Einrichtungen der Heimat- und Denkmalpflege zusammenarbeiten.<\/p>\n","protected":false},"excerpt":{"rendered":"<p>Der Zweck des Heimatgeschichtsvereins Ehningen e.V. wird in seiner Satzung definiert. Demzufolge ist Ziel und Aufgabe des Vereins die F\u00f6rderung der Heimatpflege und der Heimatkunde. Dabei geht es nicht darum, einfach nur an vergangene Zeiten, Personen oder Ereignisse zu erinnern oder \u201etote\u201c Fakten zu sammeln. Vielmehr soll heutigen und k\u00fcnftigen\u2026 <a class=\"continue-reading-link\" href=\"https:\/\/www.hgv-ehningen.de\/?page_id=470\">Continue reading<\/a><\/p>\n","protected":false},"author":3,"featured_media":0,"parent":0,"menu_order":0,"comment_status":"closed","ping_status":"closed","template":"","meta":{"footnotes":""},"class_list":["post-470","page","type-page","status-publish","hentry"],"_links":{"self":[{"href":"https:\/\/www.hgv-ehningen.de\/index.php?rest_route=\/wp\/v2\/pages\/470","targetHints":{"allow":["GET"]}}],"collection":[{"href":"https:\/\/www.hgv-ehningen.de\/index.php?rest_route=\/wp\/v2\/pages"}],"about":[{"href":"https:\/\/www.hgv-ehningen.de\/index.php?rest_route=\/wp\/v2\/types\/page"}],"author":[{"embeddable":true,"href":"https:\/\/www.hgv-ehningen.de\/index.php?rest_route=\/wp\/v2\/users\/3"}],"replies":[{"embeddable":true,"href":"https:\/\/www.hgv-ehningen.de\/index.php?rest_route=%2Fwp%2Fv2%2Fcomments&post=470"}],"version-history":[{"count":1,"href":"https:\/\/www.hgv-ehningen.de\/index.php?rest_route=\/wp\/v2\/pages\/470\/revisions"}],"predecessor-version":[{"id":728,"href":"https:\/\/www.hgv-ehningen.de\/index.php?rest_route=\/wp\/v2\/pages\/470\/revisions\/728"}],"wp:attachment":[{"href":"https:\/\/www.hgv-ehningen.de\/index.php?rest_route=%2Fwp%2Fv2%2Fmedia&parent=470"}],"curies":[{"name":"wp","href":"https:\/\/api.w.org\/{rel}","templated":true}]}}