{"id":11,"date":"2015-02-12T13:19:06","date_gmt":"2015-02-12T13:19:06","guid":{"rendered":"http:\/\/wordpress.hgv-ehningen.de\/?page_id=11"},"modified":"2025-02-09T21:17:29","modified_gmt":"2025-02-09T20:17:29","slug":"verein","status":"publish","type":"page","link":"https:\/\/www.hgv-ehningen.de\/","title":{"rendered":"Verein"},"content":{"rendered":"<h5><strong>Herzlich willkommen !<\/strong><\/h5>\n<p>&nbsp;<\/p>\n<p>Sie interessieren sich f\u00fcr Ehningen, das im Oberen G\u00e4u liegt.<\/p>\n<p>Dann sind Sie auf der Homepage des&nbsp;<strong>Heimatgeschichtsvereins Ehningen e.V.<\/strong> richtig.<\/p>\n<p>Auf unserer Homepage vermitteln wir Informationen \u00fcber Aktivit\u00e4ten und Projekte unseres Vereins zur Geschichte Ehningens.<\/p>\n<p>Besuchen Sie unseren sch\u00f6nen Ort mit vielen historischen Geb\u00e4uden und Skulpturen, wie unter anderem dem alten Schloss, der Fron\u00e4ckerschule, dem Entabr\u00fcterbrunnen&nbsp; &#8211;&nbsp; es lohnt sich!<\/p>\n<p>Wir sind f\u00fcr Fragen jederzeit offen und w\u00fcnschen Ihnen viel Spa\u00df bei Recherchen zu und \u00fcber Ehningen.<\/p>\n<p>&nbsp;<\/p>\n<p>Es gr\u00fc\u00dft Sie<\/p>\n<p>das Vorstandsteam des Heimatgeschichtsvereins Ehningen<\/p>\n","protected":false},"excerpt":{"rendered":"<p>Herzlich willkommen ! &nbsp; Sie interessieren sich f\u00fcr Ehningen, das im Oberen G\u00e4u liegt. Dann sind Sie auf der Homepage des&nbsp;Heimatgeschichtsvereins Ehningen e.V. richtig. Auf unserer Homepage vermitteln wir Informationen \u00fcber Aktivit\u00e4ten und Projekte unseres Vereins zur Geschichte Ehningens. Besuchen Sie unseren sch\u00f6nen Ort mit vielen historischen Geb\u00e4uden und Skulpturen,\u2026 <a class=\"continue-reading-link\" href=\"https:\/\/www.hgv-ehningen.de\/\">Continue reading<\/a><\/p>\n","protected":false},"author":1,"featured_media":0,"parent":0,"menu_order":0,"comment_status":"closed","ping_status":"closed","template":"","meta":{"footnotes":""},"class_list":["post-11","page","type-page","status-publish","hentry"],"_links":{"self":[{"href":"https:\/\/www.hgv-ehningen.de\/index.php?rest_route=\/wp\/v2\/pages\/11","targetHints":{"allow":["GET"]}}],"collection":[{"href":"https:\/\/www.hgv-ehningen.de\/index.php?rest_route=\/wp\/v2\/pages"}],"about":[{"href":"https:\/\/www.hgv-ehningen.de\/index.php?rest_route=\/wp\/v2\/types\/page"}],"author":[{"embeddable":true,"href":"https:\/\/www.hgv-ehningen.de\/index.php?rest_route=\/wp\/v2\/users\/1"}],"replies":[{"embeddable":true,"href":"https:\/\/www.hgv-ehningen.de\/index.php?rest_route=%2Fwp%2Fv2%2Fcomments&post=11"}],"version-history":[{"count":8,"href":"https:\/\/www.hgv-ehningen.de\/index.php?rest_route=\/wp\/v2\/pages\/11\/revisions"}],"predecessor-version":[{"id":771,"href":"https:\/\/www.hgv-ehningen.de\/index.php?rest_route=\/wp\/v2\/pages\/11\/revisions\/771"}],"wp:attachment":[{"href":"https:\/\/www.hgv-ehningen.de\/index.php?rest_route=%2Fwp%2Fv2%2Fmedia&parent=11"}],"curies":[{"name":"wp","href":"https:\/\/api.w.org\/{rel}","templated":true}]}}